{"id":272,"date":"2026-01-22T00:37:12","date_gmt":"2026-01-21T23:37:12","guid":{"rendered":"https:\/\/axescrone.com\/?page_id=272"},"modified":"2026-01-22T04:45:55","modified_gmt":"2026-01-22T03:45:55","slug":"formation","status":"publish","type":"page","link":"https:\/\/axescrone.com\/?page_id=272","title":{"rendered":"Formation"},"content":{"rendered":"\n<h1 class=\"wp-block-heading\"><\/h1>\n\n\n\n<hr class=\"wp-block-separator has-alpha-channel-opacity\"\/>\n\n\n\n<h3 class=\"wp-block-heading\">FORMATION PROFESSIONNELLE EN LIGNE<\/h3>\n\n\n\n<hr class=\"wp-block-separator has-alpha-channel-opacity\"\/>\n\n\n\n<p class=\"has-black-color has-text-color has-link-color wp-elements-ce98b4e8ab6ad0bffd01736252b1ea72\">__________ Avec l&rsquo;av\u00e8nement de l&rsquo;intelligence artificielle, beaucoup de professionnels et d&rsquo;apprenants craignent que l&rsquo;IA ne remplace l&rsquo;\u00eatre humain. Cependant, la machine ne peut ni r\u00e9fl\u00e9chir, ni innover, ni am\u00e9liorer comme l&rsquo;homme. Bien que les logiciels soient devenus des outils rapides et pr\u00e9cis pour optimiser le temps de travail et limiter les erreurs de calcul, ils ne remplacent pas l&rsquo;expertise humaine.<\/p>\n\n\n\n<p class=\"has-black-color has-text-color has-link-color wp-elements-6eb9f2660ff82ff7bc7fd0cded85bbfb\">La ma\u00eetrise d&rsquo;un logiciel ne fait pas de vous un ing\u00e9nieur. Sans bases solides en g\u00e9nie civil, l&rsquo;utilisation de logiciels comme <strong>AutoCAD<\/strong> ou <strong>RSA<\/strong> peut s&rsquo;av\u00e9rer insuffisante, voire dangereuse, face \u00e0 des probl\u00e8mes structurels majeurs sur un chantier. Pour d\u00e9velopper l&rsquo;Afrique, nous devons nous concentrer sur les fondamentaux et adapter nos r\u00e9sultats aux environnements et mat\u00e9riaux locaux.<\/p>\n\n\n\n<p class=\"has-black-color has-text-color has-link-color wp-elements-badc8da7f4b6d3989766e2b6e1653adf\">C&rsquo;est pourquoi nous vous proposons des <strong>formations th\u00e9oriques sp\u00e9cialis\u00e9es<\/strong>, un accompagnement rigoureux pour transformer vos comp\u00e9tences.<\/p>\n\n\n\n<hr class=\"wp-block-separator has-alpha-channel-opacity\"\/>\n\n\n\n<h2 class=\"wp-block-heading\">1. Objectifs de la Formation<\/h2>\n\n\n\n<p class=\"has-black-color has-text-color has-link-color wp-elements-a12fda1f7e2a0f8389eb69b26402f7b2\">L&rsquo;objectif principal est d&rsquo;offrir une formation sereine et rigoureuse pour :<\/p>\n\n\n\n<ul class=\"wp-block-list\">\n<li class=\"has-black-color has-text-color has-link-color wp-elements-8f1f95acc69cee1031dcf57b59590f92\">Donner un bon niveau et des aptitudes professionnelles aux apprenants, m\u00eame profanes.<\/li>\n\n\n\n<li class=\"has-black-color has-text-color has-link-color wp-elements-2ab84f0ac75f63d6eca2fc9491711855\">Transformer les comp\u00e9tences et insuffler un esprit scientifique et technique.<\/li>\n\n\n\n<li class=\"has-black-color has-text-color has-link-color wp-elements-955cb4fb7408d3adb7c2e0a4ab36a608\">\u00c9tudier des projets r\u00e9els en d\u00e9montrant l&rsquo;importance cruciale de la th\u00e9orie.<\/li>\n\n\n\n<li class=\"has-black-color has-text-color has-link-color wp-elements-087c639136bfb6484ead8a7102ca16f3\">Enseigner des techniques professionnelles rapides et des m\u00e9thodes d&rsquo;optimisation de projets.<\/li>\n\n\n\n<li class=\"has-black-color has-text-color has-link-color wp-elements-388dea4dcb9c22a38bc099a540b0af76\">Encourager la recherche et l&rsquo;innovation.<\/li>\n<\/ul>\n\n\n\n<hr class=\"wp-block-separator has-alpha-channel-opacity\"\/>\n\n\n\n<h2 class=\"wp-block-heading\">2. Unit\u00e9s de Formation<\/h2>\n\n\n\n<p class=\"has-black-color has-text-color has-link-color wp-elements-4653f6399b295115a6950fad88de354c\">Chaque unit\u00e9 suit un programme d\u00e9taill\u00e9 pour atteindre nos objectifs. Bien que certains logiciels puissent \u00eatre utilis\u00e9s, ils ne sont pas le but principal de la formation.<\/p>\n\n\n\n<p class=\"has-black-color has-text-color has-link-color wp-elements-5fc40860bb3b0a15860cabc6b4bb45f0\"><strong>Les unit\u00e9s disponibles :<\/strong><\/p>\n\n\n\n<ul class=\"wp-block-list\">\n<li class=\"has-black-color has-text-color has-link-color wp-elements-f8bdc73306a729d0fc5ad93cfcb0f034\">R\u00e9sistance des Mat\u00e9riaux (<strong>RDM<\/strong>)<\/li>\n\n\n\n<li class=\"has-black-color has-text-color has-link-color wp-elements-1d9bba349a0be1f9c539885e4e1d7c50\">Descentes de Charges<\/li>\n\n\n\n<li class=\"has-black-color has-text-color has-link-color wp-elements-a6c9db9d89305e0e93044313c1c59adf\">B\u00e9ton Arm\u00e9<\/li>\n\n\n\n<li class=\"has-black-color has-text-color has-link-color wp-elements-bf8cb8e1afef3aaf90137c9eed8b9209\">Devis et M\u00e9tr\u00e9<\/li>\n\n\n\n<li class=\"has-black-color has-text-color has-link-color wp-elements-e3304197e60ba7e92cccb791250f4d4f\">Math\u00e9matiques<\/li>\n\n\n\n<li class=\"has-black-color has-text-color has-link-color wp-elements-ef4955ac5d91959922a3031f417fd3cd\">M\u00e9canique des Milieux Continus (<strong>MMC<\/strong>)<\/li>\n\n\n\n<li class=\"has-black-color has-text-color has-link-color wp-elements-8e5450b61e1a964c8a3c6f307af0dfd5\">Conseils Techniques<\/li>\n<\/ul>\n\n\n\n<hr class=\"wp-block-separator has-alpha-channel-opacity\"\/>\n\n\n\n<h2 class=\"wp-block-heading\">3. M\u00e9thode de travail<\/h2>\n\n\n\n<p class=\"has-black-color has-text-color has-link-color wp-elements-ae43706a41cf9aa33a8dc44af445a271\">Le travail s&rsquo;effectue principalement via <strong><a href=\"https:\/\/wa.me\/+237692041746\">WhatsApp<\/a><\/strong> apr\u00e8s une inscription.<\/p>\n\n\n\n<ol start=\"1\" class=\"wp-block-list\">\n<li class=\"has-black-color has-text-color has-link-color wp-elements-2facb523ec459b58b2874207360e68b1\"><strong>Inscription :<\/strong> Contactez-nous et r\u00e9glez l&rsquo;inscription pour acc\u00e9der aux services.<\/li>\n\n\n\n<li class=\"has-black-color has-text-color has-link-color wp-elements-21f7fb542baa565417a785ec55ad5a35\"><strong>Flexibilit\u00e9 :<\/strong> L&#8217;emploi du temps est fix\u00e9 selon vos disponibilit\u00e9s.<\/li>\n\n\n\n<li class=\"has-black-color has-text-color has-link-color wp-elements-a7417df8b73bd204fb5f891aaad919d0\"><strong>Apprentissage :<\/strong> Nous envoyons des cours manuscrits par chapitre avec un d\u00e9lai de lecture imparti.<\/li>\n\n\n\n<li class=\"has-black-color has-text-color has-link-color wp-elements-967e97197a6c60af2a3ec5ec6aa0c69b\"><strong>Interaction :<\/strong> Vous pouvez poser vos questions par message, vocal ou vid\u00e9o. Les r\u00e9ponses sont fournies sous format manuscrit ou multim\u00e9dia.<\/li>\n\n\n\n<li class=\"has-black-color has-text-color has-link-color wp-elements-b2d6ddc6604f566b8e165c78938a305e\"><strong>Pratique :<\/strong> Apr\u00e8s la th\u00e9orie, nous passons aux exercices corrig\u00e9s bas\u00e9s sur des exemples de la vie active.<\/li>\n<\/ol>\n\n\n\n<blockquote class=\"wp-block-quote is-layout-flow wp-block-quote-is-layout-flow\">\n<p class=\"has-black-color has-text-color has-link-color wp-elements-76ecbf32f955f6c9ba35bceb79ad98e0\"><strong>R\u00e8gles importantes :<\/strong><\/p>\n\n\n\n<p class=\"has-black-color has-text-color has-link-color wp-elements-2a1710df62c52912e5280d47c2228fa2\">* L&rsquo;assiduit\u00e9 est obligatoire : apr\u00e8s 3 absences non justifi\u00e9es, le cours est consid\u00e9r\u00e9 comme vu.<\/p>\n\n\n\n<p class=\"has-black-color has-text-color has-link-color wp-elements-12b452e1bfe98252276037ece352a807\">* La dur\u00e9e de formation est flexible selon votre rythme de progression.<\/p>\n\n\n\n<p class=\"has-black-color has-text-color has-link-color wp-elements-09810f6f8b037a851746985e7c0cd202\">* Le nombre de places est limit\u00e9 pour garantir la qualit\u00e9 de l&rsquo;encadrement.<\/p>\n<\/blockquote>\n\n\n\n<hr class=\"wp-block-separator has-alpha-channel-opacity\"\/>\n\n\n\n<h2 class=\"wp-block-heading\">4. Modalit\u00e9s de paiement<\/h2>\n\n\n\n<figure class=\"wp-block-table\"><table class=\"has-black-color has-text-color has-link-color has-fixed-layout\"><thead><tr><td><strong>Tranche<\/strong><\/td><td><strong>Somme<\/strong><\/td><td><strong>P\u00e9riode de paiement<\/strong><\/td><\/tr><\/thead><tbody><tr><td><strong>Inscription<\/strong><\/td><td>5 000 F CFA<\/td><td>Avant le d\u00e9but de la formation <\/td><\/tr><tr><td><strong>1\u00e8re Tranche<\/strong><\/td><td>20 000 F CFA<\/td><td>Apr\u00e8s la fin du premier chapitre <\/td><\/tr><tr><td><strong>2\u00e8me Tranche<\/strong><\/td><td>10 000 F CFA<\/td><td>Au milieu de la formation <\/td><\/tr><tr><td><strong>3\u00e8me Tranche<\/strong><\/td><td>10 000 F CFA<\/td><td>Avant le dernier chapitre <\/td><\/tr><\/tbody><\/table><\/figure>\n\n\n\n<hr class=\"wp-block-separator has-alpha-channel-opacity\"\/>\n\n\n\n<p class=\"has-black-color has-text-color has-link-color wp-elements-a0c163fba8ce9700ec98221c03962b3f\"><strong>NB :<\/strong> La connaissance ne s&rsquo;ach\u00e8te pas ; ce que vous gagnerez ici d\u00e9passe l&rsquo;aspect financier. Nous restons en contact avec nos apprenants m\u00eame apr\u00e8s la formation.<\/p>\n\n\n\n<div class=\"wp-block-buttons is-layout-flex wp-block-buttons-is-layout-flex\">\n<div class=\"wp-block-button\"><a class=\"wp-block-button__link wp-element-button\" href=\"https:\/\/wa.me\/+237692041746?text=Salut ing\u00e9nier, J'aimerai en savoir plus sur la formation.\">Contacter un ing\u00e9nieur<\/a><\/div>\n\n\n\n<div class=\"wp-block-button\"><a class=\"wp-block-button__link wp-element-button\" href=\"https:\/\/axescrone.com\/?page_id=66&amp;v=820eb5b696ea\">En savoir plus<\/a><\/div>\n<\/div>\n\n\n\n<p class=\"has-text-align-right has-ast-global-color-0-color has-text-color has-link-color wp-elements-4b2868768a6e04158f801287279bded4\"><a href=\"http:\/\/axescrone.com\">Auteur<\/a> : <strong>\ud835\udc70\ud835\udc75\ud835\udc6e. \ud835\udc76\ud835\udc7e\ud835\udc76\ud835\udc75\ud835\udc68 \ud835\udc73\ud835\udc90\ud835\udc96\ud835\udc8a\ud835\udc94 \ud835\udc75\ud835\udc90\ud835\udc93\ud835\udc93\ud835\udc8a\ud835\udc94<\/strong><\/p>\n\n\n\n<p class=\"has-black-color has-text-color has-link-color wp-elements-9ac00cf961d1ea846fe5a532228b76c6\"><\/p>\n\n\n\n<p><\/p>\n","protected":false},"excerpt":{"rendered":"<p>FORMATION PROFESSIONNELLE EN LIGNE __________ Avec l&rsquo;av\u00e8nement de l&rsquo;intelligence artificielle, beaucoup de professionnels et d&rsquo;apprenants craignent que l&rsquo;IA ne remplace [&hellip;]<\/p>\n","protected":false},"author":1,"featured_media":0,"parent":0,"menu_order":0,"comment_status":"closed","ping_status":"closed","template":"","meta":{"site-sidebar-layout":"default","site-content-layout":"","ast-site-content-layout":"default","site-content-style":"default","site-sidebar-style":"default","ast-global-header-display":"","ast-banner-title-visibility":"","ast-main-header-display":"","ast-hfb-above-header-display":"","ast-hfb-below-header-display":"","ast-hfb-mobile-header-display":"","site-post-title":"disabled","ast-breadcrumbs-content":"","ast-featured-img":"","footer-sml-layout":"","ast-disable-related-posts":"","theme-transparent-header-meta":"","adv-header-id-meta":"","stick-header-meta":"","header-above-stick-meta":"","header-main-stick-meta":"","header-below-stick-meta":"","astra-migrate-meta-layouts":"default","ast-page-background-enabled":"default","ast-page-background-meta":{"desktop":{"background-color":"var(--ast-global-color-5)","background-image":"","background-repeat":"repeat","background-position":"center center","background-size":"auto","background-attachment":"scroll","background-type":"","background-media":"","overlay-type":"","overlay-color":"","overlay-opacity":"","overlay-gradient":""},"tablet":{"background-color":"","background-image":"","background-repeat":"repeat","background-position":"center center","background-size":"auto","background-attachment":"scroll","background-type":"","background-media":"","overlay-type":"","overlay-color":"","overlay-opacity":"","overlay-gradient":""},"mobile":{"background-color":"","background-image":"","background-repeat":"repeat","background-position":"center center","background-size":"auto","background-attachment":"scroll","background-type":"","background-media":"","overlay-type":"","overlay-color":"","overlay-opacity":"","overlay-gradient":""}},"ast-content-background-meta":{"desktop":{"background-color":"var(--ast-global-color-4)","background-image":"","background-repeat":"repeat","background-position":"center center","background-size":"auto","background-attachment":"scroll","background-type":"","background-media":"","overlay-type":"","overlay-color":"","overlay-opacity":"","overlay-gradient":""},"tablet":{"background-color":"var(--ast-global-color-4)","background-image":"","background-repeat":"repeat","background-position":"center center","background-size":"auto","background-attachment":"scroll","background-type":"","background-media":"","overlay-type":"","overlay-color":"","overlay-opacity":"","overlay-gradient":""},"mobile":{"background-color":"var(--ast-global-color-4)","background-image":"","background-repeat":"repeat","background-position":"center center","background-size":"auto","background-attachment":"scroll","background-type":"","background-media":"","overlay-type":"","overlay-color":"","overlay-opacity":"","overlay-gradient":""}},"footnotes":""},"class_list":["post-272","page","type-page","status-publish","hentry"],"_links":{"self":[{"href":"https:\/\/axescrone.com\/index.php?rest_route=\/wp\/v2\/pages\/272","targetHints":{"allow":["GET"]}}],"collection":[{"href":"https:\/\/axescrone.com\/index.php?rest_route=\/wp\/v2\/pages"}],"about":[{"href":"https:\/\/axescrone.com\/index.php?rest_route=\/wp\/v2\/types\/page"}],"author":[{"embeddable":true,"href":"https:\/\/axescrone.com\/index.php?rest_route=\/wp\/v2\/users\/1"}],"replies":[{"embeddable":true,"href":"https:\/\/axescrone.com\/index.php?rest_route=%2Fwp%2Fv2%2Fcomments&post=272"}],"version-history":[{"count":18,"href":"https:\/\/axescrone.com\/index.php?rest_route=\/wp\/v2\/pages\/272\/revisions"}],"predecessor-version":[{"id":360,"href":"https:\/\/axescrone.com\/index.php?rest_route=\/wp\/v2\/pages\/272\/revisions\/360"}],"wp:attachment":[{"href":"https:\/\/axescrone.com\/index.php?rest_route=%2Fwp%2Fv2%2Fmedia&parent=272"}],"curies":[{"name":"wp","href":"https:\/\/api.w.org\/{rel}","templated":true}]}}