{"id":100,"date":"2025-10-29T12:55:11","date_gmt":"2025-10-29T11:55:11","guid":{"rendered":"https:\/\/axescrone.com\/?page_id=100"},"modified":"2025-12-01T07:24:16","modified_gmt":"2025-12-01T06:24:16","slug":"btp","status":"publish","type":"page","link":"https:\/\/axescrone.com\/?page_id=100","title":{"rendered":"BTP"},"content":{"rendered":"\n<p class=\"has-black-color has-text-color has-link-color wp-elements-45bdad5808844dc83c63164ebe975bfd\">____________________________________________<\/p>\n\n\n\n<h4 class=\"wp-block-heading\">Architecture et conception<\/h4>\n\n\n\n<p class=\"has-black-color has-text-color has-link-color wp-elements-feb13e7995f2b9ea5f4c81729ad26e32\">      La <strong>conception<\/strong> est le processus cr\u00e9atif et technique fondamental qui m\u00e8ne \u00e0 l&rsquo;\u00e9laboration d&rsquo;un projet de construction, de l&rsquo;id\u00e9e initiale \u00e0 la d\u00e9finition d\u00e9taill\u00e9e des travaux. Elle vise \u00e0 transformer les besoins et les souhaits d&rsquo;un client en un espace b\u00e2ti fonctionnel, esth\u00e9tique et viable.<br><strong><br>LES PRINCIPAUX AXES DE LA CONCEPTION ARCHITECTURALE <\/strong><\/p>\n\n\n\n<ul class=\"wp-block-list has-black-color has-text-color has-link-color wp-elements-fdc0d18242f8ce01374f2b6bc0726422\">\n<li><strong>Aspect utilitaire<\/strong><br>Il s&rsquo;agit d&rsquo;organiser les espaces pour qu&rsquo;ils r\u00e9pondent aux besoins sp\u00e9cifiques des utilisateurs (flux, ergonomie, tailles des pi\u00e8ces, relations entre les espaces, etc.). C&rsquo;est la phase de <strong>programmation<\/strong> et d&rsquo;<strong>organisation spatiale<\/strong>.<\/li>\n<\/ul>\n\n\n\n<ul class=\"wp-block-list\">\n<li class=\"has-black-color has-text-color has-link-color wp-elements-7e9a63b9abaa2c100d6d7166395b9f73\"><strong>Aspect esth\u00e9tique<\/strong><br>C&rsquo;est l&rsquo;aspect <strong>artistique<\/strong> du projet, qui donne son caract\u00e8re et son identit\u00e9 au b\u00e2timent.<br>Il inclut le choix des volumes, des mat\u00e9riaux, des couleurs, de la lumi\u00e8re naturelle, et la relation du b\u00e2timent avec son environnement (l&rsquo;<strong>insertion paysag\u00e8re<\/strong>).<\/li>\n<\/ul>\n\n\n\n<ul class=\"wp-block-list\">\n<li class=\"has-black-color has-text-color has-link-color wp-elements-2ea50aa5904766ee003ee2647417a88d\"><strong>Aspect technique et structurel<\/strong><br>Cet aspect garantit la <strong>faisabilit\u00e9<\/strong> et la <strong>durabilit\u00e9<\/strong> du projet.<br>Il concerne le choix du syst\u00e8me constructif (mat\u00e9riaux porteurs, fondations, charpente), les normes de construction, et la mani\u00e8re dont le b\u00e2timent sera assembl\u00e9 pour \u00eatre stable et s\u00fbr.<\/li>\n<\/ul>\n\n\n\n<ul class=\"wp-block-list\">\n<li class=\"has-black-color has-text-color has-link-color wp-elements-244927b9849d28cf917db28660b7c882\"><strong>Aspect budg\u00e9taire et r\u00e9glementaire <\/strong><br>Le projet doit imp\u00e9rativement respecter les <strong>lois d&rsquo;urbanisme<\/strong> (PLU, normes d&rsquo;accessibilit\u00e9, r\u00e8gles de s\u00e9curit\u00e9 incendie) et \u00eatre financi\u00e8rement <strong>viable<\/strong>.<br>L&rsquo;architecte doit veiller \u00e0 l&rsquo;<strong>optimisation des co\u00fbts<\/strong> tout au long du processus, en respectant l&rsquo;enveloppe budg\u00e9taire fix\u00e9e par le client.<\/li>\n<\/ul>\n\n\n\n<ul class=\"wp-block-list\">\n<li class=\"has-black-color has-text-color has-link-color wp-elements-b1ed8bee38b68f415c50fbd3570ff05c\"><strong>Aspect environnemental<\/strong><\/li>\n<\/ul>\n\n\n\n<p class=\"has-black-color has-text-color has-link-color wp-elements-92f287e79e8dba27f5b33b5aeb232b23\">L&rsquo;objectif est de minimiser l&rsquo;impact du b\u00e2timent sur l&rsquo;environnement et d&rsquo;assurer son confort thermique et lumineux.<\/p>\n\n\n\n<p class=\"has-black-color has-text-color has-link-color wp-elements-3c8d81b7e8fd7f5958fe56f158ee6655\">C&rsquo;est l&rsquo;int\u00e9gration des principes de l&rsquo;<strong>\u00e9co-conception<\/strong> (bioclimatique, isolation, choix de mat\u00e9riaux locaux et \u00e0 faible impact, gestion de l&rsquo;\u00e9nergie et de l&rsquo;eau).<\/p>\n\n\n\n<figure class=\"wp-block-image size-full\"><img loading=\"lazy\" decoding=\"async\" width=\"1120\" height=\"928\" src=\"http:\/\/axescrone.com\/wp-content\/uploads\/2025\/12\/Plan-architectural-2.png\" alt=\"\" class=\"wp-image-209\" srcset=\"https:\/\/axescrone.com\/wp-content\/uploads\/2025\/12\/Plan-architectural-2.png 1120w, https:\/\/axescrone.com\/wp-content\/uploads\/2025\/12\/Plan-architectural-2-300x249.png 300w\" sizes=\"auto, (max-width: 1120px) 100vw, 1120px\" \/><\/figure>\n\n\n\n<p><code>*Description<\/code><\/p>\n\n\n\n<blockquote class=\"wp-block-quote is-layout-flow wp-block-quote-is-layout-flow\">\n<p>Les images ci-dessus constituent le plan de l&rsquo;am\u00e9nagement int\u00e9rieur d&rsquo;une villa spacieuse, organis\u00e9 de mani\u00e8re \u00e0 s\u00e9parer clairement les espaces qui la constitue.<\/p>\n\n\n\n<ul class=\"wp-block-list\">\n<li><strong>S\u00e9jour<\/strong> <\/li>\n\n\n\n<li><strong>Salle \u00e0 manger<\/strong><\/li>\n\n\n\n<li><strong>Pi\u00e8ce (Cuisine)<\/strong><\/li>\n\n\n\n<li><strong>Pi\u00e8ce (Circulation)<\/strong><\/li>\n\n\n\n<li><strong>Chambre 1<\/strong><\/li>\n\n\n\n<li><strong>Chambre 2<\/strong><\/li>\n\n\n\n<li><strong>Chambre 3<\/strong> <\/li>\n\n\n\n<li><strong>Et de 03 espaces sanitaire SE1, SE2, SE3<\/strong><\/li>\n<\/ul>\n<\/blockquote>\n\n\n\n<figure class=\"wp-block-gallery has-nested-images columns-2 is-cropped wp-block-gallery-1 is-layout-flex wp-block-gallery-is-layout-flex\">\n<figure class=\"wp-block-image size-medium\"><img loading=\"lazy\" decoding=\"async\" width=\"300\" height=\"147\" data-id=\"210\" src=\"https:\/\/axescrone.com\/wp-content\/uploads\/2025\/12\/Rendu-de-villa-1-300x147.png\" alt=\"\" class=\"wp-image-210\" srcset=\"https:\/\/axescrone.com\/wp-content\/uploads\/2025\/12\/Rendu-de-villa-1-300x147.png 300w, https:\/\/axescrone.com\/wp-content\/uploads\/2025\/12\/Rendu-de-villa-1-1024x501.png 1024w, https:\/\/axescrone.com\/wp-content\/uploads\/2025\/12\/Rendu-de-villa-1-768x376.png 768w, https:\/\/axescrone.com\/wp-content\/uploads\/2025\/12\/Rendu-de-villa-1-600x293.png 600w, https:\/\/axescrone.com\/wp-content\/uploads\/2025\/12\/Rendu-de-villa-1.png 1460w\" sizes=\"auto, (max-width: 300px) 100vw, 300px\" \/><\/figure>\n\n\n\n<figure class=\"wp-block-image size-medium\"><img loading=\"lazy\" decoding=\"async\" width=\"300\" height=\"148\" data-id=\"211\" src=\"https:\/\/axescrone.com\/wp-content\/uploads\/2025\/12\/Rendu-de-villa-2-300x148.png\" alt=\"\" class=\"wp-image-211\" srcset=\"https:\/\/axescrone.com\/wp-content\/uploads\/2025\/12\/Rendu-de-villa-2-300x148.png 300w, https:\/\/axescrone.com\/wp-content\/uploads\/2025\/12\/Rendu-de-villa-2-1024x506.png 1024w, https:\/\/axescrone.com\/wp-content\/uploads\/2025\/12\/Rendu-de-villa-2-768x379.png 768w, https:\/\/axescrone.com\/wp-content\/uploads\/2025\/12\/Rendu-de-villa-2-600x296.png 600w, https:\/\/axescrone.com\/wp-content\/uploads\/2025\/12\/Rendu-de-villa-2.png 1445w\" sizes=\"auto, (max-width: 300px) 100vw, 300px\" \/><\/figure>\n\n\n\n<figure class=\"wp-block-image size-medium\"><img loading=\"lazy\" decoding=\"async\" width=\"300\" height=\"132\" data-id=\"212\" src=\"https:\/\/axescrone.com\/wp-content\/uploads\/2025\/12\/Rendu-de-villa-3-300x132.png\" alt=\"\" class=\"wp-image-212\" srcset=\"https:\/\/axescrone.com\/wp-content\/uploads\/2025\/12\/Rendu-de-villa-3-300x132.png 300w, https:\/\/axescrone.com\/wp-content\/uploads\/2025\/12\/Rendu-de-villa-3-1024x450.png 1024w, https:\/\/axescrone.com\/wp-content\/uploads\/2025\/12\/Rendu-de-villa-3-768x337.png 768w, https:\/\/axescrone.com\/wp-content\/uploads\/2025\/12\/Rendu-de-villa-3-1536x675.png 1536w, https:\/\/axescrone.com\/wp-content\/uploads\/2025\/12\/Rendu-de-villa-3-600x264.png 600w, https:\/\/axescrone.com\/wp-content\/uploads\/2025\/12\/Rendu-de-villa-3.png 1637w\" sizes=\"auto, (max-width: 300px) 100vw, 300px\" \/><\/figure>\n<\/figure>\n\n\n\n<p><\/p>\n","protected":false},"excerpt":{"rendered":"<p>____________________________________________ Architecture et conception La conception est le processus cr\u00e9atif et technique fondamental qui m\u00e8ne \u00e0 l&rsquo;\u00e9laboration d&rsquo;un projet de [&hellip;]<\/p>\n","protected":false},"author":1,"featured_media":0,"parent":0,"menu_order":0,"comment_status":"open","ping_status":"closed","template":"","meta":{"site-sidebar-layout":"default","site-content-layout":"","ast-site-content-layout":"default","site-content-style":"default","site-sidebar-style":"default","ast-global-header-display":"","ast-banner-title-visibility":"","ast-main-header-display":"","ast-hfb-above-header-display":"","ast-hfb-below-header-display":"","ast-hfb-mobile-header-display":"","site-post-title":"disabled","ast-breadcrumbs-content":"","ast-featured-img":"","footer-sml-layout":"","ast-disable-related-posts":"","theme-transparent-header-meta":"","adv-header-id-meta":"","stick-header-meta":"","header-above-stick-meta":"","header-main-stick-meta":"","header-below-stick-meta":"","astra-migrate-meta-layouts":"default","ast-page-background-enabled":"default","ast-page-background-meta":{"desktop":{"background-color":"var(--ast-global-color-5)","background-image":"","background-repeat":"repeat","background-position":"center center","background-size":"auto","background-attachment":"scroll","background-type":"","background-media":"","overlay-type":"","overlay-color":"","overlay-opacity":"","overlay-gradient":""},"tablet":{"background-color":"","background-image":"","background-repeat":"repeat","background-position":"center center","background-size":"auto","background-attachment":"scroll","background-type":"","background-media":"","overlay-type":"","overlay-color":"","overlay-opacity":"","overlay-gradient":""},"mobile":{"background-color":"","background-image":"","background-repeat":"repeat","background-position":"center center","background-size":"auto","background-attachment":"scroll","background-type":"","background-media":"","overlay-type":"","overlay-color":"","overlay-opacity":"","overlay-gradient":""}},"ast-content-background-meta":{"desktop":{"background-color":"var(--ast-global-color-4)","background-image":"","background-repeat":"repeat","background-position":"center center","background-size":"auto","background-attachment":"scroll","background-type":"","background-media":"","overlay-type":"","overlay-color":"","overlay-opacity":"","overlay-gradient":""},"tablet":{"background-color":"var(--ast-global-color-4)","background-image":"","background-repeat":"repeat","background-position":"center center","background-size":"auto","background-attachment":"scroll","background-type":"","background-media":"","overlay-type":"","overlay-color":"","overlay-opacity":"","overlay-gradient":""},"mobile":{"background-color":"var(--ast-global-color-4)","background-image":"","background-repeat":"repeat","background-position":"center center","background-size":"auto","background-attachment":"scroll","background-type":"","background-media":"","overlay-type":"","overlay-color":"","overlay-opacity":"","overlay-gradient":""}},"footnotes":""},"class_list":["post-100","page","type-page","status-publish","hentry"],"_links":{"self":[{"href":"https:\/\/axescrone.com\/index.php?rest_route=\/wp\/v2\/pages\/100","targetHints":{"allow":["GET"]}}],"collection":[{"href":"https:\/\/axescrone.com\/index.php?rest_route=\/wp\/v2\/pages"}],"about":[{"href":"https:\/\/axescrone.com\/index.php?rest_route=\/wp\/v2\/types\/page"}],"author":[{"embeddable":true,"href":"https:\/\/axescrone.com\/index.php?rest_route=\/wp\/v2\/users\/1"}],"replies":[{"embeddable":true,"href":"https:\/\/axescrone.com\/index.php?rest_route=%2Fwp%2Fv2%2Fcomments&post=100"}],"version-history":[{"count":5,"href":"https:\/\/axescrone.com\/index.php?rest_route=\/wp\/v2\/pages\/100\/revisions"}],"predecessor-version":[{"id":217,"href":"https:\/\/axescrone.com\/index.php?rest_route=\/wp\/v2\/pages\/100\/revisions\/217"}],"wp:attachment":[{"href":"https:\/\/axescrone.com\/index.php?rest_route=%2Fwp%2Fv2%2Fmedia&parent=100"}],"curies":[{"name":"wp","href":"https:\/\/api.w.org\/{rel}","templated":true}]}}